{"id":155,"date":"2020-05-30T09:40:04","date_gmt":"2020-05-30T09:40:04","guid":{"rendered":"https:\/\/airbender.de\/?page_id=155"},"modified":"2021-03-10T13:03:02","modified_gmt":"2021-03-10T13:03:02","slug":"agb","status":"publish","type":"page","link":"https:\/\/airbender.de\/en\/agb\/","title":{"rendered":"AGB"},"content":{"rendered":"<p>[et_pb_section fb_built=&#8220;1&#8243; _builder_version=&#8220;4.4.5&#8243;][et_pb_row _builder_version=&#8220;4.4.5&#8243;][et_pb_column type=&#8220;4_4&#8243; _builder_version=&#8220;4.4.5&#8243;][et_pb_text _builder_version=&#8220;4.4.5&#8243;]<\/p>\n<h1>Allgemeine Gesch\u00e4ftsbedingungen der Firma atme-gut Kretschmer &amp;<br \/>Heinrich GbR<\/p>\n<\/h1>\n<p>[\/et_pb_text][\/et_pb_column][\/et_pb_row][et_pb_row _builder_version=&#8220;4.4.5&#8243;][et_pb_column type=&#8220;4_4&#8243; _builder_version=&#8220;4.4.5&#8243;][et_pb_text _builder_version=&#8220;4.4.5&#8243; text_orientation=&#8220;justified&#8220; width=&#8220;100%&#8220; max_width=&#8220;100%&#8220; custom_padding=&#8220;3px|||||&#8220;]<\/p>\n<p style=\"text-align: justify;\"><span style=\"font-size: large;\">\u00a71 Geltung und Begriffsdefinitionen<\/span><\/p>\n<p style=\"text-align: justify;\">(1) Die nachfolgenden Allgemeinen Gesch\u00e4ftsbedingungen gelten f\u00fcr alle<br \/>Lieferungen zwischen uns und einem Verbraucher in ihrer zum Zeitpunkt der<br \/>Bestellung g\u00fcltigen Fassung.<br \/>Verbraucher ist jede nat\u00fcrliche Person, die ein Rechtsgesch\u00e4ft zu Zwecken<br \/>abschlie\u00dft, die \u00fcberwiegend weder ihrer gewerblichen noch ihrer selbst\u00e4ndigen<br \/>beruflichen T\u00e4tigkeit zugerechnet werden k\u00f6nnen (\u00a7 13 BGB).<\/p>\n<p style=\"text-align: justify;\"><span style=\"font-size: large;\">\u00a72 Zustandekommen eines Vertrages, Speicherung des Vertragstextes<\/span><\/p>\n<p style=\"text-align: justify;\">(1) Die folgenden Regelungen \u00fcber den Vertragsabschluss gelten f\u00fcr<\/p>\n<p style=\"text-align: justify;\">Bestellungen \u00fcber unseren Internetshop https:\/\/ airbender.de<br \/>(2) Im Falle des Vertragsschlusses kommt der Vertrag mit<br \/>atme-gut Kretschmer &amp; Heinrich GbR<br \/>Akim Kretschmer &amp; Heinrich Patrick<br \/>Lindenweg 27<br \/>71034 B\u00f6blingen<br \/>zustande.<br \/>(3) Die Pr\u00e4sentation der Waren in unserem Internetshop stellen kein rechtlich<br \/>bindendes Vertragsangebot unsererseits dar, sondern sind nur eine<br \/>unverbindliche Aufforderungen an den Verbraucher, Waren zu bestellen. Mit der<br \/>Bestellung der gew\u00fcnschten Ware gibt der Verbraucher ein f\u00fcr ihn verbindliches<br \/>Angebot auf Abschluss eines Kaufvertrages ab.<br \/>(4) Bei Eingang einer Bestellung in unserem Internetshop gelten folgende<br \/>Regelungen: Der Verbraucher gibt ein bindendes Vertragsangebot ab, indem er<br \/>die in unserem Internetshop vorgesehene Bestellprozedur erfolgreich durchl\u00e4uft.<br \/>Die Bestellung erfolgt in folgenden Schritten:<br \/>1) Auswahl der gew\u00fcnschten Ware<br \/>2) Best\u00e4tigen durch Anklicken der Buttons \u201eBestellen\u201c<br \/>3) Pr\u00fcfung der Angaben im Warenkorb<br \/>4) Bet\u00e4tigung des Buttons \u201ezur Kasse\u201c<br \/>5) Anmeldung im Internetshop nach Registrierung und Eingabe der<br \/>Anmelderangaben (E-Mail-Adresse und Passwort).<br \/>6) Nochmalige Pr\u00fcfung bzw. Berichtigung der jeweiligen eingegebenen Daten.<br \/>7) Verbindliche Absendung der Bestellung durch Anklicken des Buttons<br \/>\u201ekostenpflichtig bestellen\u201c bzw. \u201ekaufen\u201c<br \/>Der Verbraucher kann vor dem verbindlichen Absenden der Bestellung durch<br \/>Bet\u00e4tigen der in dem von ihm verwendeten Internet-Browser enthaltenen<br \/>\u201eZur\u00fcck\u201c-Taste nach Kontrolle seiner Angaben wieder zu der Internetseite<br \/>gelangen, auf der die Angaben des Kunden erfasst werden und Eingabefehler<br \/>berichtigen bzw. durch Schlie\u00dfen des Internetbrowsers den Bestellvorgang<br \/>abbrechen. Wir best\u00e4tigen den Eingang der Bestellung unmittelbar durch eine<br \/>automatisch generierte E-Mail (\u201eAuftragsbest\u00e4tigung\u201c). Mit dieser nehmen wir Ihr<br \/>Angebot an.<br \/>(5) Speicherung des Vertragstextes bei Bestellungen \u00fcber unseren Internetshop :<br \/>Wir speichern den Vertragstext und senden Ihnen die Bestelldaten und unsere<br \/>AGB per E-Mail zu. Die AGB k\u00f6nnen Sie jederzeit auch unter https:\/\/<br \/>airbender.de einsehen. Ihre vergangenen Bestellungen k\u00f6nnen Sie in unserem<br \/>Kunden-Bereich unter Mein Konto &#8211;&gt; Meine Bestellungen einsehen.<br \/>(6) R\u00fccktrittsrecht: Haben wir ein dauerhaftes Lieferhindernis nicht zu vertreten<br \/>(h\u00f6here Gewalt oder Nichtbelieferung durch unseren Vorlieferant trotz<br \/>rechtzeitigem, kongruentem Deckungsgesch\u00e4ft), haben wir das Recht, insoweit<br \/>von einem bereits geschlossenen Vertrag zur\u00fcckzutreten. In diesem Fall werden<br \/>wir den Kunden unverz\u00fcglich informieren und evtl. geleistete Zahlungen<br \/>r\u00fcckerstatten.<\/p>\n<p style=\"text-align: justify;\"><span style=\"font-size: large;\">\u00a73 Preise, Versandkosten, Zahlung, F\u00e4lligkeit<\/span><\/p>\n<p style=\"text-align: justify;\">(1) Aufgrund des Kleinunternehmerstatus gem.\u00a7 19 UStG werden keine<br \/>Umsatzsteuer erhoben. Die angegebenen Preise enthalten sonstige<br \/>Preisbestandteile. Der Preis f\u00fcr den Versand innerhalb Deutschland und EU<br \/>L\u00e4nder ist kostenfrei. Die jeweils aktuelle Preis- und Leistungs\u00fcbersicht ist auf<br \/>airbender.de einzusehen.<br \/>(2) Der Verbraucher hat die M\u00f6glichkeit der Zahlung per PayPal, Kreditkarte<br \/>( Visa, Mastercard, American Express ), Lastschrifteinzugserm\u00e4chtigung und<br \/>Vorab\u00fcberweisung. Weitere Zahlungsarten werden nicht angeboten und werden<br \/>zur\u00fcckgewiesen.<br \/>Der Rechnungsbetrag ist nach Zugang der Rechnung, die alle Angaben f\u00fcr die<br \/>\u00dcberweisung enth\u00e4lt und mit E-Mail verschickt wird, auf das dort angegebene<br \/>Konto vorab zu \u00fcberweisen. Bei Verwendung eines Treuhandservice\/<br \/>Zahlungsdienstleisters erm\u00f6glicht es dieser dem Anbieter und Kunden, die<br \/>Zahlung untereinander abzuwickeln. Dabei leitet der Treuhandservice\/<br \/>Zahlungsdienstleister die Zahlung des Kunden an den Anbieter weiter. Weitere<br \/>Informationen erhalten Sie auf der Internetseite des jeweiligen<br \/>Treuhandservices\/ Zahlungsdienstleisters.<br \/>Bei Zahlung \u00fcber Kreditkarte muss der Kunde der Karteninhaber sein. Die<br \/>Belastung der Kreditkarte erfolgt nach Versand der Ware. Der Kunde ist<br \/>verpflichtet innerhalb von 7 Tagen nach Erhalt der Rechnung den ausgewiesenen<br \/>Betrag auf das auf der Rechnung angegebene Konto einzuzahlen oder zu<br \/>\u00fcberweisen. Die Zahlung ist ab Rechnungsdatum ohne Abzug f\u00e4llig. Der Kunde<br \/>kommt erst nach Mahnung in Verzug.<br \/>(3) Hat der Besteller die Zahlung per Vorkasse gew\u00e4hlt, so verpflichtet er sich,<br \/>den Kaufpreis unverz\u00fcglich nach Vertragsschluss zu zahlen.<br \/>Soweit wir per Nachnahme liefern, tritt die F\u00e4lligkeit der Kaufpreisforderung mit<br \/>Erhalt der Ware ein.<br \/>\u00a74 Lieferung<br \/>(1) Sofern wir dies in der Produktbeschreibung nicht deutlich anders angegeben<br \/>haben, sind alle von uns angebotenen Artikel sofort versandfertig. Die Lieferung<br \/>erfolgt hier innerhalb von 3-5 Werktagen, jedoch sp\u00e4testens nach 5 Werktagen.<br \/>Dabei beginnt die Frist f\u00fcr die Lieferung im Falle der Zahlung per Vorkasse am<br \/>Tag nach Zahlungsauftrag an die mit der \u00dcberweisung beauftragte Bank und bei<br \/>allen anderen Zahlungsarten am Tag nach Vertragsschluss zu laufen. F\u00e4llt das<br \/>Fristende auf einen Samstag, Sonntag oder gesetzlichen Feiertag am Lieferort, so<br \/>endet die Frist am n\u00e4chsten Werktag.<br \/>(2) Die Gefahr des zuf\u00e4lligen Untergangs und der zuf\u00e4lligen Verschlechterung der<br \/>verkauften Sache geht auch beim Versendungskauf erst mit der \u00dcbergabe der<br \/>Sache an den K\u00e4ufer auf diesen \u00fcber.<\/p>\n<p style=\"text-align: justify;\"><span style=\"font-size: large;\">\u00a75 Eigentumsvorbehalt<\/span><\/p>\n<p style=\"text-align: justify;\">Wir behalten uns das Eigentum an der Ware bis zur vollst\u00e4ndigen Bezahlung des<br \/>Kaufpreises vor.<br \/>F\u00fcr Unternehmer gilt erg\u00e4nzend: Wir behalten uns das Eigentum an der Ware bis<br \/>zur vollst\u00e4ndigen Begleichung aller Forderungen aus einer laufenden<br \/>Gesch\u00e4ftsbeziehung vor. Sie d\u00fcrfen die Vorbehaltsware im ordentlichen<br \/>Gesch\u00e4ftsbetrieb weiterver\u00e4u\u00dfern; s\u00e4mtliche aus diesem Weiterverkauf<br \/>entstehenden Forderungen treten Sie \u2013 unabh\u00e4ngig von einer Verbindung oder<br \/>Vermischung der Vorbehaltsware mit einer neuen Sache &#8211; in H\u00f6he des<br \/>Rechnungsbetrages an uns im Voraus ab, und wir nehmen diese Abtretung an.<br \/>Sie bleiben zur Einziehung der Forderungen erm\u00e4chtigt, wir d\u00fcrfen Forderungen<br \/>jedoch auch selbst einziehen, soweit Sie Ihren Zahlungsverpflichtungen nicht<br \/>nachkommen.<\/p>\n<p style=\"text-align: justify;\"><span style=\"font-size: large;\">\u00a76 Widerrufsrecht des Kunden als Verbraucher:<\/span><\/p>\n<p style=\"text-align: justify;\">Widerrufsrecht f\u00fcr Verbraucher<br \/>Verbrauchern steht ein Widerrufsrecht nach folgender Ma\u00dfgabe zu, wobei<br \/>Verbraucher jede nat\u00fcrliche Person ist, die ein Rechtsgesch\u00e4ft zu Zwecken<br \/>abschlie\u00dft, die \u00fcberwiegend weder ihrer gewerblichen noch ihrer selbst\u00e4ndigen<br \/>beruflichen T\u00e4tigkeit zugerechnet werden k\u00f6nnen:<br \/>Widerrufsbelehrung<br \/>Widerrufsrecht<br \/>Sie haben das Recht, binnen vierzehn Tagen ohne Angabe von Gr\u00fcnden diesen<br \/>Vertrag zu widerrufen.<br \/>Die Widerrufsfrist betr\u00e4gt vierzehn Tage, ab dem Tag, an dem Sie oder ein von<br \/>Ihnen benannter Dritter, der nicht der Bef\u00f6rderer ist, die Waren in Besitz<br \/>genommen haben bzw. hat.<br \/>Um Ihr Widerrufsrecht auszu\u00fcben, m\u00fcssen Sie uns<br \/>atme-gut Kretschmer &amp; Heinrich GbR<br \/>Akim Kretschmer &amp; Heinrich Patrick<br \/>Lindenweg 27<br \/>71034 B\u00f6blingen<br \/>Email support@airbender.de<br \/>mittels einer eindeutigen Erkl\u00e4rung (z.B. ein mit der Post versandter Brief,<br \/>Telefax oder E-Mail) \u00fcber Ihren Entschluss, diesen Vertrag zu widerrufen,<br \/>informieren. Sie k\u00f6nnen daf\u00fcr das beigef\u00fcgte Muster-Widerrufsformular<br \/>verwenden, das jedoch nicht vorgeschrieben ist.<br \/>Widerrufsfolgen<br \/>Wenn Sie diesen Vertrag widerrufen, haben wir Ihnen alle Zahlungen, die wir von<br \/>Ihnen erhalten haben, einschlie\u00dflich der Lieferkosten (mit Ausnahme der<br \/>zus\u00e4tzlichen Kosten, die sich daraus ergeben, dass Sie eine andere Art der<br \/>Lieferung als die von uns angebotene, g\u00fcnstigste Standardlieferung gew\u00e4hlt<br \/>haben), unverz\u00fcglich und sp\u00e4testens binnen vierzehn Tagen ab dem Tag<br \/>zur\u00fcckzuzahlen, an dem die Mitteilung \u00fcber Ihren Widerruf dieses Vertrags bei<br \/>uns eingegangen ist. F\u00fcr diese R\u00fcckzahlung verwenden wir dasselbe<br \/>Zahlungsmittel, das Sie bei der urspr\u00fcnglichen Transaktion eingesetzt haben, es<br \/>sei denn, mit Ihnen wurde ausdr\u00fccklich etwas anderes vereinbart; in keinem Fall<br \/>werden Ihnen wegen dieser R\u00fcckzahlung Entgelte berechnet.<br \/>Wir k\u00f6nnen die R\u00fcckzahlung verweigern, bis wir die Waren wieder zur\u00fcckerhalten<br \/>haben oder bis Sie den Nachweis erbracht haben, dass Sie die Waren<br \/>zur\u00fcckgesandt haben, je nachdem, welches der fr\u00fchere Zeitpunkt ist.<br \/>Sie haben die Waren unverz\u00fcglich und in jedem Fall sp\u00e4testens binnen vierzehn<br \/>Tagen ab dem Tag, an dem Sie uns \u00fcber den Widerruf dieses Vertrages<br \/>unterrichten, an uns zur\u00fcckzusenden oder zu \u00fcbergeben. Die Frist ist gewahrt,<br \/>wenn Sie die Waren vor Ablauf der Frist von vierzehn Tagen absenden.<br \/>Sie tragen die unmittelbaren Kosten der R\u00fccksendung der Waren.<br \/>Ende der Widerrufsbelehrung<\/p>\n<p style=\"text-align: justify;\"><span style=\"font-size: large;\">\u00a77 Widerrufsformular<\/span><\/p>\n<p style=\"text-align: justify;\">Muster-Widerrufsformular<br \/>(Wenn Sie den Vertrag widerrufen wollen, dann f\u00fcllen Sie bitte dieses Formular<br \/>aus und senden Sie es zur\u00fcck.)<br \/>An :<br \/>atme-gut Kretschmer &amp; Heinrich GbR<br \/>Akim Kretschmer &amp; Heinrich Patrick<br \/>Lindenweg 27<br \/>71034 B\u00f6blingen<br \/>Email airbender.hilfe@gmail.com<br \/>Hiermit widerrufe(n) ich\/wir (*) den von mir\/uns (*) abgeschlossenen Vertrag<br \/>\u00fcber den Kauf der folgenden Waren (*)\/die Erbringung der folgenden<br \/>Dienstleistung (*)<br \/>_____________________________________________________<br \/>Bestellt am (*)\/erhalten am (*)<br \/>__________________<br \/>Name des\/der Verbraucher(s)<br \/>_____________________________________________________<br \/>Anschrift des\/der Verbraucher(s)<br \/>_____________________________________________________<br \/>Unterschrift des\/der Verbraucher(s) (nur bei Mitteilung auf Papier)<br \/>__________________<br \/>Datum<br \/>__________________<br \/>(*) Unzutreffendes streichen.<\/p>\n<p style=\"text-align: justify;\"><span style=\"font-size: large;\">\u00a78 Gew\u00e4hrleistung<\/span><\/p>\n<p style=\"text-align: justify;\">Es gilt das gesetzliche M\u00e4ngelhaftungsrecht. Informationen zu gegebenenfalls<br \/>geltenden zus\u00e4tzlichen Garantien und deren genaue Bedingungen finden Sie<br \/>jeweils beim Produkt und auf besonderen Informationsseiten im Onlineshop.<\/p>\n<p style=\"text-align: justify;\"><span style=\"font-size: large;\">\u00a79 Haftungsausschluss<\/span><\/p>\n<p style=\"text-align: justify;\">(1) Schadensersatzanspr\u00fcche des Kunden sind ausgeschlossen, soweit sich aus<br \/>den nachfolgenden Gr\u00fcnden nicht etwas anderes ergibt. Dies gilt auch f\u00fcr den<br \/>Vertreter und Erf\u00fcllungsgehilfen des Anbieters, falls der Kunde gegen diese<br \/>Anspr\u00fcche auf Schadensersatz erhebt. Ausgenommen sind<br \/>Schadensersatzanspr\u00fcche des Kunden wegen Verletzung des Lebens, des<br \/>K\u00f6rpers, der Gesundheit oder wesentlicher Vertragspflichten, welche zur<br \/>Erreichung des Vertragszieles notwendigerweise erf\u00fcllt werden m\u00fcssen. Ebenso<br \/>gilt dies nicht f\u00fcr Schadensersatzanspr\u00fcche nach grob fahrl\u00e4ssiger oder<br \/>vors\u00e4tzlicher Pflichtverletzung des Anbieters oder seines gesetzlichen Vertreters<br \/>oder Erf\u00fcllungsgehilfen.<br \/>(2) Die Abtretung und Verpf\u00e4ndung von Kundenrechten an dritte Person sind<br \/>ausgeschlossen.<\/p>\n<p style=\"text-align: justify;\"><span style=\"font-size: large;\">\u00a710 Streitbeilegung<\/span><\/p>\n<p style=\"text-align: justify;\">Die Europ\u00e4ische Kommission stellt eine Plattform zur Online-Streitbeilegung (OS)<br \/>bereit, die Sie hier finden https:\/\/ec.europa.eu\/consumers\/odr\/.<br \/>Zur Teilnahme an einem Streitbeilegungsverfahren vor einer<br \/>Verbraucherschlichtungsstelle sind wir nicht verpflichtet und nicht bereit.<br \/>\u00a711 Sprache, Gerichtsstand und anzuwendendes Recht<br \/>Der Vertrag wird in Deutsch abgefasst. Die weitere Durchf\u00fchrung der<br \/>Vertragsbeziehung erfolgt in Deutsch. Es findet ausschlie\u00dflich das Recht der<br \/>Bundesrepublik Deutschland Anwendung. F\u00fcr Verbraucher gilt dies nur insoweit,<br \/>als dadurch keine gesetzlichen Bestimmungen des Staates eingeschr\u00e4nkt<br \/>werden, in dem der Kunde seinen Wohnsitz oder gew\u00f6hnlichen Aufenthalt hat.<br \/>Gerichtsstand ist bei Streitigkeiten mit Kunden, die kein Verbraucher, juristische<br \/>Person des \u00f6ffentlichen Rechts oder \u00f6ffentlich-rechtliches Sonderverm\u00f6gen sind,<br \/>Sitz des Anbieters.<br \/>\u00a712 Schlussbestimmungen<br \/>Sind Sie Unternehmer, dann gilt deutsches Recht unter Ausschluss des UNKaufrechts.<br \/>Sind Sie Kaufmann im Sinne des Handelsgesetzbuches, juristische Person des<br \/>\u00f6ffentlichen Rechts oder \u00f6ffentlich-rechtliches Sonderverm\u00f6gen, ist<br \/>ausschlie\u00dflicher Gerichtsstand f\u00fcr alle Streitigkeiten aus Vertragsverh\u00e4ltnissen<br \/>zwischen uns und Ihnen unser Gesch\u00e4ftssitz.<br \/>\u00a713 Salvatorische Klausel<br \/>Die Unwirksamkeit einer Bestimmung dieser AGB hat keine Auswirkungen auf die<br \/>Wirksamkeit der sonstigen Bestimmungen.<\/p>\n<p style=\"text-align: justify;\">Stand der AGB Mai. 2020<\/p>\n<p>[\/et_pb_text][\/et_pb_column][\/et_pb_row][\/et_pb_section]<\/p>\n","protected":false},"excerpt":{"rendered":"<p>[et_pb_section fb_built=&#8220;1&#8243; _builder_version=&#8220;4.4.5&#8243;][et_pb_row _builder_version=&#8220;4.4.5&#8243;][et_pb_column type=&#8220;4_4&#8243; _builder_version=&#8220;4.4.5&#8243;][et_pb_text _builder_version=&#8220;4.4.5&#8243;] Allgemeine Gesch\u00e4ftsbedingungen der Firma atme-gut Kretschmer &amp;Heinrich GbR [\/et_pb_text][\/et_pb_column][\/et_pb_row][et_pb_row _builder_version=&#8220;4.4.5&#8243;][et_pb_column type=&#8220;4_4&#8243; _builder_version=&#8220;4.4.5&#8243;][et_pb_text _builder_version=&#8220;4.4.5&#8243; text_orientation=&#8220;justified&#8220; width=&#8220;100%&#8220; max_width=&#8220;100%&#8220; custom_padding=&#8220;3px|||||&#8220;] \u00a71 Geltung und Begriffsdefinitionen (1) Die nachfolgenden Allgemeinen Gesch\u00e4ftsbedingungen gelten f\u00fcr alleLieferungen zwischen uns und einem Verbraucher in ihrer zum Zeitpunkt derBestellung g\u00fcltigen Fassung.Verbraucher ist jede nat\u00fcrliche Person, die ein Rechtsgesch\u00e4ft [&hellip;]<\/p>\n","protected":false},"author":1,"featured_media":0,"parent":0,"menu_order":0,"comment_status":"closed","ping_status":"closed","template":"","meta":{"_et_pb_use_builder":"on","_et_pb_old_content":"","_et_gb_content_width":"","footnotes":""},"class_list":["post-155","page","type-page","status-publish","hentry"],"jetpack_sharing_enabled":true,"_links":{"self":[{"href":"https:\/\/airbender.de\/en\/wp-json\/wp\/v2\/pages\/155","targetHints":{"allow":["GET"]}}],"collection":[{"href":"https:\/\/airbender.de\/en\/wp-json\/wp\/v2\/pages"}],"about":[{"href":"https:\/\/airbender.de\/en\/wp-json\/wp\/v2\/types\/page"}],"author":[{"embeddable":true,"href":"https:\/\/airbender.de\/en\/wp-json\/wp\/v2\/users\/1"}],"replies":[{"embeddable":true,"href":"https:\/\/airbender.de\/en\/wp-json\/wp\/v2\/comments?post=155"}],"version-history":[{"count":5,"href":"https:\/\/airbender.de\/en\/wp-json\/wp\/v2\/pages\/155\/revisions"}],"predecessor-version":[{"id":837,"href":"https:\/\/airbender.de\/en\/wp-json\/wp\/v2\/pages\/155\/revisions\/837"}],"wp:attachment":[{"href":"https:\/\/airbender.de\/en\/wp-json\/wp\/v2\/media?parent=155"}],"curies":[{"name":"wp","href":"https:\/\/api.w.org\/{rel}","templated":true}]}}