{"id":23,"date":"2020-05-23T09:23:10","date_gmt":"2020-05-23T09:23:10","guid":{"rendered":"https:\/\/airbender.de\/?post_type=product&#038;p=23"},"modified":"2026-03-10T20:20:36","modified_gmt":"2026-03-10T20:20:36","slug":"airbender","status":"publish","type":"product","link":"https:\/\/airbender.de\/en\/product\/airbender\/","title":{"rendered":"AirBender"},"content":{"rendered":"<p>[et_pb_section fb_built=&#8220;1&#8243; _builder_version=&#8220;3.22&#8243; custom_margin=&#8220;||-164px|||&#8220; custom_padding=&#8220;0px||||false|false&#8220;][et_pb_row column_structure=&#8220;1_2,1_2&#8243; admin_label=&#8220;Zeile&#8220; _builder_version=&#8220;4.6.6&#8243; background_size=&#8220;initial&#8220; background_position=&#8220;top_left&#8220; background_repeat=&#8220;repeat&#8220; width=&#8220;100%&#8220; custom_padding=&#8220;0px||||false|false&#8220;][et_pb_column type=&#8220;1_2&#8243; admin_label=&#8220;Spalte&#8220; _builder_version=&#8220;3.25&#8243; custom_padding=&#8220;|||&#8220; custom_padding__hover=&#8220;|||&#8220;][et_pb_image src=&#8220;https:\/\/airbender.de\/wp-content\/uploads\/2020\/05\/20-3.png&#8220; force_fullwidth=&#8220;on&#8220; _builder_version=&#8220;4.6.6&#8243; custom_margin=&#8220;|90px||||&#8220;][\/et_pb_image][\/et_pb_column][et_pb_column type=&#8220;1_2&#8243; admin_label=&#8220;Spalte&#8220; _builder_version=&#8220;3.25&#8243; custom_padding=&#8220;|||&#8220; custom_padding__hover=&#8220;|||&#8220;][et_pb_wc_title _builder_version=&#8220;3.0.47&#8243;][\/et_pb_wc_title][et_pb_wc_rating _builder_version=&#8220;4.4.5&#8243;][\/et_pb_wc_rating][et_pb_wc_description _builder_version=&#8220;3.0.47&#8243; width=&#8220;100%&#8220;][\/et_pb_wc_description][et_pb_wc_price _builder_version=&#8220;3.0.47&#8243;][\/et_pb_wc_price][et_pb_button button_url=&#8220;https:\/\/airbender.de\/kasse\/?add-to-cart=23&#8243; button_text=&#8220;JETZT KAUFEN&#8220; _builder_version=&#8220;4.5.7&#8243; _module_preset=&#8220;default&#8220; custom_button=&#8220;on&#8220; button_text_color=&#8220;#e02b20&#8243;][\/et_pb_button][et_pb_image src=&#8220;https:\/\/airbender.de\/wp-content\/uploads\/2020\/05\/Zahlungsvarianten.png&#8220; _builder_version=&#8220;4.5.7&#8243; _module_preset=&#8220;default&#8220; width=&#8220;63%&#8220; custom_padding=&#8220;||0px|||&#8220;][\/et_pb_image][\/et_pb_column][\/et_pb_row][et_pb_row disabled_on=&#8220;on|off|off&#8220; _builder_version=&#8220;4.6.6&#8243; _module_preset=&#8220;default&#8220;][\/et_pb_row][et_pb_row _builder_version=&#8220;4.4.5&#8243;][et_pb_column type=&#8220;4_4&#8243; _builder_version=&#8220;4.4.5&#8243;][et_pb_wc_gallery fullwidth=&#8220;off&#8220; show_title_and_caption=&#8220;off&#8220; show_pagination=&#8220;off&#8220; _builder_version=&#8220;4.4.5&#8243;][\/et_pb_wc_gallery][\/et_pb_column][\/et_pb_row][et_pb_row module_id=&#8220;details&#8220; _builder_version=&#8220;4.4.5&#8243;][et_pb_column type=&#8220;4_4&#8243; _builder_version=&#8220;4.4.5&#8243;][et_pb_text module_id=&#8220;#details&#8220; _builder_version=&#8220;4.4.5&#8243; custom_margin=&#8220;||50px|||&#8220;]<\/p>\n<h1>Features &amp; Details:<\/h1>\n<p>[\/et_pb_text][\/et_pb_column][\/et_pb_row][et_pb_row column_structure=&#8220;1_3,1_3,1_3&#8243; admin_label=&#8220;Row&#8220; _builder_version=&#8220;3.25&#8243; min_height=&#8220;714px&#8220; custom_margin=&#8220;-48px|auto||auto||&#8220;][et_pb_column type=&#8220;1_3&#8243; admin_label=&#8220;Spalte&#8220; _builder_version=&#8220;3.25&#8243; custom_padding=&#8220;|||&#8220; custom_padding__hover=&#8220;|||&#8220;][et_pb_blurb title=&#8220;LED Touch-Panel &#8220; content_max_width=&#8220;100%&#8220; _builder_version=&#8220;4.6.6&#8243; header_font=&#8220;Montserrat|700|||||||&#8220; header_line_height=&#8220;1.5em&#8220; body_font=&#8220;Montserrat||||||||&#8220; body_line_height=&#8220;1.8em&#8220; custom_padding=&#8220;|||&#8220; animation_style=&#8220;fade&#8220; border_radii=&#8220;on|6px|6px|6px|6px&#8220; border_radii_image=&#8220;on|10px|10px|10px|10px&#8220; locked=&#8220;off&#8220;]<\/p>\n<p><img loading=\"lazy\" decoding=\"async\" src=\"https:\/\/airbender.de\/wp-content\/uploads\/2020\/05\/11-1.png\" width=\"750\" height=\"545\" alt=\"\" class=\"wp-image-210 alignnone size-full\" srcset=\"https:\/\/airbender.de\/wp-content\/uploads\/2020\/05\/11-1.png 750w, https:\/\/airbender.de\/wp-content\/uploads\/2020\/05\/11-1-480x349.png 480w\" sizes=\"auto, (min-width: 0px) and (max-width: 480px) 480px, (min-width: 481px) 750px, 100vw\" \/><\/p>\n<p>Die gl\u00e4serne Bedienleiste des AirBenders \u00fcberzeugt durch ein intuitives und simples Bedienkonzept und ist frei von l\u00e4stigen Kn\u00f6pfen. Das Touch-Panel zeichnet sich somit nicht nur durch reaktionsschnelles Design mit LED-Punktmatrix aus, sondern auch \u00fcber die Leichtigkeit der Reinigung des Ger\u00e4ts. Ein einfaches Wischen gen\u00fcgt.<\/p>\n<p>[\/et_pb_blurb][\/et_pb_column][et_pb_column type=&#8220;1_3&#8243; _builder_version=&#8220;3.25&#8243; custom_padding=&#8220;|||&#8220; custom_padding__hover=&#8220;|||&#8220;][et_pb_blurb title=&#8220;Fernsteuern und \u00dcberwachen ihres AirBenders per App&#8220; content_max_width=&#8220;100%&#8220; admin_label=&#8220;Informationstext&#8220; _builder_version=&#8220;4.6.6&#8243; header_font=&#8220;Montserrat|700|||||||&#8220; header_line_height=&#8220;1.5em&#8220; body_font=&#8220;Montserrat||||||||&#8220; body_line_height=&#8220;1.8em&#8220; custom_padding=&#8220;|||&#8220; animation_style=&#8220;fade&#8220; border_radii=&#8220;on|6px|6px|6px|6px&#8220; border_radii_image=&#8220;on|10px|10px|10px|10px&#8220; locked=&#8220;off&#8220;]<\/p>\n<p><img loading=\"lazy\" decoding=\"async\" src=\"https:\/\/airbender.de\/wp-content\/uploads\/2020\/05\/10.jpg\" width=\"750\" height=\"662\" alt=\"\" class=\"wp-image-111 alignnone size-full\" srcset=\"https:\/\/airbender.de\/wp-content\/uploads\/2020\/05\/10.jpg 750w, https:\/\/airbender.de\/wp-content\/uploads\/2020\/05\/10-480x424.jpg 480w\" sizes=\"auto, (min-width: 0px) and (max-width: 480px) 480px, (min-width: 481px) 750px, 100vw\" \/><\/p>\n<p>Die AirBender-App erlaubt es Ihnen, den Luftfilter innerhalb Ihres Zuhauses von \u00fcberall fernzusteuern. Aktivieren Sie beim Verlassen ihres Hauses den Away-Modus und genie\u00dfen sie die frische Luft, wenn Sie wieder nach Hause kommen.<\/p>\n<p>[\/et_pb_blurb][\/et_pb_column][et_pb_column type=&#8220;1_3&#8243; _builder_version=&#8220;3.25&#8243; custom_padding=&#8220;|||&#8220; custom_padding__hover=&#8220;|||&#8220;][et_pb_blurb title=&#8220;Radarsensoren&#8220; content_max_width=&#8220;100%&#8220; _builder_version=&#8220;4.6.6&#8243; header_font=&#8220;Montserrat|700|||||||&#8220; header_line_height=&#8220;1.5em&#8220; body_font=&#8220;Montserrat||||||||&#8220; body_line_height=&#8220;1.8em&#8220; custom_padding=&#8220;|||&#8220; animation_style=&#8220;fade&#8220; border_radii=&#8220;on|6px|6px|6px|6px&#8220; border_radii_image=&#8220;on|10px|10px|10px|10px&#8220; locked=&#8220;off&#8220;]<\/p>\n<p><img loading=\"lazy\" decoding=\"async\" src=\"https:\/\/airbender.de\/wp-content\/uploads\/2020\/05\/Baby-Radar.png\" width=\"775\" height=\"478\" alt=\"\" class=\"wp-image-149 alignnone size-full\" srcset=\"https:\/\/airbender.de\/wp-content\/uploads\/2020\/05\/Baby-Radar.png 775w, https:\/\/airbender.de\/wp-content\/uploads\/2020\/05\/Baby-Radar-480x296.png 480w\" sizes=\"auto, (min-width: 0px) and (max-width: 480px) 480px, (min-width: 481px) 775px, 100vw\" \/><\/p>\n<p>Die Radarsensoren sorgen daf\u00fcr, dass die Ozonproduktion unterbunden wird, sobald Bewegung erkannt wird. Somit werden Sie und ihre Haustiere optimal gesch\u00fctzt.<\/p>\n<p>[\/et_pb_blurb][\/et_pb_column][\/et_pb_row][et_pb_row column_structure=&#8220;1_2,1_2&#8243; admin_label=&#8220;Zeile&#8220; _builder_version=&#8220;4.4.5&#8243;][et_pb_column type=&#8220;1_2&#8243; _builder_version=&#8220;4.6.6&#8243; custom_padding=&#8220;0px||||false|false&#8220; custom_padding_tablet=&#8220;&#8220; custom_padding_phone=&#8220;&#8220; custom_padding_last_edited=&#8220;on|desktop&#8220;][et_pb_text _builder_version=&#8220;4.6.6&#8243; custom_margin=&#8220;12px|||||&#8220; custom_padding=&#8220;0px|||||&#8220;]<\/p>\n<p><span style=\"font-size: medium;\"><strong>Klein und handlich, passend zu jedem Dekor<\/strong><\/span><\/p>\n<p><span style=\"font-size: medium;\"><strong><img loading=\"lazy\" decoding=\"async\" src=\"https:\/\/airbender.de\/wp-content\/uploads\/2020\/05\/\u65b9\u56fe_\u6e43\u59ae\u667a\u80fd\u7a7a\u6c14\u51c0\u5473\u56681.jpg\" width=\"750\" height=\"750\" alt=\"\" class=\"wp-image-110 alignnone size-full\" srcset=\"https:\/\/airbender.de\/wp-content\/uploads\/2020\/05\/\u65b9\u56fe_\u6e43\u59ae\u667a\u80fd\u7a7a\u6c14\u51c0\u5473\u56681.jpg 750w, https:\/\/airbender.de\/wp-content\/uploads\/2020\/05\/\u65b9\u56fe_\u6e43\u59ae\u667a\u80fd\u7a7a\u6c14\u51c0\u5473\u56681-300x300.jpg 300w, https:\/\/airbender.de\/wp-content\/uploads\/2020\/05\/\u65b9\u56fe_\u6e43\u59ae\u667a\u80fd\u7a7a\u6c14\u51c0\u5473\u56681-150x150.jpg 150w, https:\/\/airbender.de\/wp-content\/uploads\/2020\/05\/\u65b9\u56fe_\u6e43\u59ae\u667a\u80fd\u7a7a\u6c14\u51c0\u5473\u56681-480x480.jpg 480w, https:\/\/airbender.de\/wp-content\/uploads\/2020\/05\/\u65b9\u56fe_\u6e43\u59ae\u667a\u80fd\u7a7a\u6c14\u51c0\u5473\u56681-600x600.jpg 600w, https:\/\/airbender.de\/wp-content\/uploads\/2020\/05\/\u65b9\u56fe_\u6e43\u59ae\u667a\u80fd\u7a7a\u6c14\u51c0\u5473\u56681-100x100.jpg 100w\" sizes=\"auto, (max-width: 750px) 100vw, 750px\" \/><\/strong><\/span><\/p>\n<p>Das kompakte Design macht den AirBender zu einem ehrw\u00fcrdigen Begleiter jeder Ecke ihres Hauses. Das moderne Design l\u00e4sst den AirBender selbst in den fortschrittlichsten Wohnstilen nicht alt aussehen.<\/p>\n<p>[\/et_pb_text][\/et_pb_column][et_pb_column type=&#8220;1_2&#8243; _builder_version=&#8220;4.6.6&#8243; custom_padding=&#8220;14px||||false|false&#8220; custom_padding_tablet=&#8220;&#8220; custom_padding_phone=&#8220;0px||||false|false&#8220; custom_padding_last_edited=&#8220;on|phone&#8220;][et_pb_text _builder_version=&#8220;4.6.6&#8243; min_height=&#8220;167px&#8220;]<\/p>\n<p><span style=\"font-size: medium;\"><strong>360\u00b0 Eintritt und Austritt der Luft<\/strong><\/span><\/p>\n<p><img loading=\"lazy\" decoding=\"async\" src=\"https:\/\/airbender.de\/wp-content\/uploads\/2020\/05\/1_360-luft-ein-austritt.gif\" width=\"459\" height=\"413\" alt=\"\" class=\"wp-image-24 alignnone size-full\" \/><\/p>\n<p>Geruchsbeseitigung ohne Ausnahmen. Vollst\u00e4ndige Beseitigung st\u00f6render Ger\u00fcche, anstatt sie blo\u00df zu vertuschen.<\/p>\n<p>&nbsp;<\/p>\n<p>[\/et_pb_text][\/et_pb_column][\/et_pb_row][\/et_pb_section][et_pb_section fb_built=&#8220;1&#8243; _builder_version=&#8220;4.6.6&#8243; custom_margin=&#8220;||-107px|||&#8220;][et_pb_row column_structure=&#8220;1_2,1_2&#8243; custom_padding_last_edited=&#8220;on|phone&#8220; _builder_version=&#8220;4.6.6&#8243; custom_padding=&#8220;68px|||||&#8220; custom_padding_tablet=&#8220;&#8220; custom_padding_phone=&#8220;44px||||false|false&#8220;][et_pb_column type=&#8220;1_2&#8243; admin_label=&#8220;Spalte&#8220; _builder_version=&#8220;4.6.6&#8243; custom_padding=&#8220;78px||||false|false&#8220; custom_padding_tablet=&#8220;&#8220; custom_padding_phone=&#8220;0px||||false|false&#8220; custom_padding_last_edited=&#8220;on|phone&#8220;][et_pb_blurb admin_label=&#8220;Informationstext&#8220; _builder_version=&#8220;4.6.6&#8243;]<\/p>\n<p><span style=\"font-size: large;\"><strong>Lautlosigkeit<\/strong><\/span><\/p>\n<p><span style=\"font-size: large;\"><strong><\/strong><\/span><\/p>\n<p><span style=\"font-size: large;\"><strong><img loading=\"lazy\" decoding=\"async\" src=\"https:\/\/airbender.de\/wp-content\/uploads\/2020\/05\/15-1.png\" width=\"750\" height=\"747\" alt=\"\" class=\"wp-image-213 alignnone size-full\" srcset=\"https:\/\/airbender.de\/wp-content\/uploads\/2020\/05\/15-1.png 750w, https:\/\/airbender.de\/wp-content\/uploads\/2020\/05\/15-1-480x478.png 480w\" sizes=\"auto, (min-width: 0px) and (max-width: 480px) 480px, (min-width: 481px) 750px, 100vw\" \/><\/strong><\/span><\/p>\n<p>Der Nachtmodus ist fl\u00fcsterleise. Auf einer Tonebene von 30dB werden Sie wie gewohnt weiterschlafen, ihre Nacht bleibt weiterhin ungest\u00f6rt.<\/p>\n<p>&nbsp;<\/p>\n<p>[\/et_pb_blurb][\/et_pb_column][et_pb_column type=&#8220;1_2&#8243; admin_label=&#8220;Spalte&#8220; _builder_version=&#8220;4.6.6&#8243; custom_padding=&#8220;0px||18px||false|false&#8220; custom_padding_tablet=&#8220;&#8220; custom_padding_phone=&#8220;0px||0px||false|false&#8220; custom_padding_last_edited=&#8220;on|desktop&#8220;][et_pb_blurb admin_label=&#8220;Informationstext&#8220; _builder_version=&#8220;4.6.6&#8243; _module_preset=&#8220;a87e7420-4e15-4df0-ae09-8c2d72402d37&#8243; min_height=&#8220;263px&#8220; custom_margin=&#8220;47px||||false|false&#8220; custom_margin_tablet=&#8220;&#8220; custom_margin_phone=&#8220;-45px||||false|false&#8220; custom_margin_last_edited=&#8220;on|phone&#8220; custom_padding=&#8220;32px||73px|||&#8220;]<\/p>\n<p><strong style=\"font-size: large;\">Der Austausch des Filters ist kinderleicht<\/strong><\/p>\n<p><strong style=\"font-size: large;\"><\/strong><\/p>\n<p><strong style=\"font-size: large;\"><img loading=\"lazy\" decoding=\"async\" src=\"https:\/\/airbender.de\/wp-content\/uploads\/2020\/05\/1animation-filtereinschub-1.gif\" width=\"713\" height=\"421\" alt=\"\" class=\"wp-image-107 alignnone size-full\" \/><\/strong><\/p>\n<p>Das Design der Einschubhalterung des Filters erlaubt es Ihnen, den Filter innerhalb von nur zehn Sekunden zu wechseln. Herausziehen und hereindr\u00fccken \u2013 fertig.<\/p>\n<p>[\/et_pb_blurb][\/et_pb_column][\/et_pb_row][\/et_pb_section][et_pb_section fb_built=&#8220;1&#8243; admin_label=&#8220;Sektion&#8220; _builder_version=&#8220;4.4.5&#8243; min_height=&#8220;158px&#8220; custom_margin=&#8220;||-33px|||&#8220;][et_pb_row _builder_version=&#8220;4.4.5&#8243; custom_padding=&#8220;||0px|||&#8220;][et_pb_column type=&#8220;4_4&#8243; _builder_version=&#8220;4.4.5&#8243;][et_pb_text _builder_version=&#8220;4.4.5&#8243; custom_margin=&#8220;-47px|||||&#8220; custom_padding=&#8220;||0px|||&#8220;]<\/p>\n<p><span style=\"font-size: x-large;\"><strong>Lieferumfang:<\/strong><\/span><\/p>\n<p>[\/et_pb_text][\/et_pb_column][\/et_pb_row][\/et_pb_section][et_pb_section fb_built=&#8220;1&#8243; _builder_version=&#8220;4.6.6&#8243; min_height=&#8220;989px&#8220; min_height_tablet=&#8220;&#8220; min_height_phone=&#8220;600px&#8220; min_height_last_edited=&#8220;on|phone&#8220; custom_margin=&#8220;-84px|||||&#8220; custom_padding=&#8220;0px|||||&#8220;][et_pb_row _builder_version=&#8220;4.6.6&#8243; min_height=&#8220;879px&#8220; min_height_tablet=&#8220;&#8220; min_height_phone=&#8220;0px&#8220; min_height_last_edited=&#8220;on|phone&#8220; custom_padding=&#8220;0px|||||&#8220;][et_pb_column type=&#8220;4_4&#8243; _builder_version=&#8220;4.4.5&#8243;][et_pb_image src=&#8220;https:\/\/airbender.de\/wp-content\/uploads\/2020\/06\/inhalt-halbtransparent.png&#8220; _builder_version=&#8220;4.5.7&#8243; custom_padding=&#8220;||27px|||&#8220;][\/et_pb_image][\/et_pb_column][\/et_pb_row][\/et_pb_section][et_pb_section fb_built=&#8220;1&#8243; _builder_version=&#8220;4.4.5&#8243; custom_margin=&#8220;-209px|||||&#8220;][et_pb_row _builder_version=&#8220;4.6.6&#8243; width=&#8220;100%&#8220; width_tablet=&#8220;&#8220; width_phone=&#8220;100%&#8220; width_last_edited=&#8220;on|desktop&#8220;][et_pb_column type=&#8220;4_4&#8243; admin_label=&#8220;Spalte&#8220; _builder_version=&#8220;4.6.6&#8243;][et_pb_wc_price _builder_version=&#8220;4.6.6&#8243; custom_margin=&#8220;-61px|||||&#8220; custom_padding=&#8220;||10px|||&#8220;][\/et_pb_wc_price][et_pb_wc_add_to_cart _builder_version=&#8220;4.6.6&#8243; fields_focus_background_color=&#8220;#0c71c3&#8243; fields_focus_text_color=&#8220;#ffffff&#8220; fields_custom_margin=&#8220;0px|||0px|false|false&#8220; fields_custom_padding=&#8220;0px|||0px|false|false&#8220; body_font_size=&#8220;1px&#8220; body_line_height=&#8220;1em&#8220; fields_font_size=&#8220;21px&#8220; custom_button=&#8220;on&#8220; button_text_size=&#8220;19px&#8220; custom_margin=&#8220;4px||||false|false&#8220; custom_padding=&#8220;|0px||0px|false|false&#8220; button_text_size_tablet=&#8220;&#8220; button_text_size_phone=&#8220;19px&#8220; button_text_size_last_edited=&#8220;on|phone&#8220; border_style_all_fields=&#8220;solid&#8220;][\/et_pb_wc_add_to_cart][et_pb_wc_additional_info product=&#8220;23&#8243; admin_label=&#8220;Woo Zusatzinfo&#8220; _builder_version=&#8220;4.6.6&#8243;][\/et_pb_wc_additional_info][\/et_pb_column][\/et_pb_row][\/et_pb_section][et_pb_section fb_built=&#8220;1&#8243; _builder_version=&#8220;4.4.5&#8243;][et_pb_row _builder_version=&#8220;4.4.5&#8243;][et_pb_column type=&#8220;4_4&#8243; _builder_version=&#8220;4.4.5&#8243;][et_pb_wc_reviews _builder_version=&#8220;4.4.5&#8243; custom_margin=&#8220;-176px|||||&#8220; custom_padding=&#8220;51px|||||&#8220;][\/et_pb_wc_reviews][\/et_pb_column][\/et_pb_row][\/et_pb_section][et_pb_section fb_built=&#8220;1&#8243; _builder_version=&#8220;4.5.1&#8243; _module_preset=&#8220;default&#8220;][et_pb_row _builder_version=&#8220;4.5.1&#8243; _module_preset=&#8220;default&#8220;][et_pb_column type=&#8220;4_4&#8243; _builder_version=&#8220;4.5.1&#8243; _module_preset=&#8220;default&#8220;][\/et_pb_column][\/et_pb_row][\/et_pb_section]<\/p>\n","protected":false},"excerpt":{"rendered":"<p>Breathe, Feel and Experience Fresh Air with the AirBender <strong>AirBender.<\/strong><\/p>\n<p>The AirBender is specifically designed to keep you and your pets healthy. \nUltraviolet light, compound HEPA &amp; carbon filters, photocataysts, negative ion generators and ozone disinfection ensure a fresh and healthy environment \u2013 anywhere you want.<\/p>","protected":false},"featured_media":501,"comment_status":"open","ping_status":"closed","template":"","meta":{"_et_pb_use_builder":"on","_et_pb_old_content":"","_et_gb_content_width":""},"product_brand":[],"product_cat":[16],"product_tag":[],"class_list":{"0":"post-23","1":"product","2":"type-product","3":"status-publish","4":"has-post-thumbnail","6":"product_cat-unkategorisiert","8":"first","9":"instock","10":"sale","11":"taxable","12":"shipping-taxable","13":"purchasable","14":"product-type-simple"},"jetpack_sharing_enabled":true,"_links":{"self":[{"href":"https:\/\/airbender.de\/en\/wp-json\/wp\/v2\/product\/23","targetHints":{"allow":["GET"]}}],"collection":[{"href":"https:\/\/airbender.de\/en\/wp-json\/wp\/v2\/product"}],"about":[{"href":"https:\/\/airbender.de\/en\/wp-json\/wp\/v2\/types\/product"}],"replies":[{"embeddable":true,"href":"https:\/\/airbender.de\/en\/wp-json\/wp\/v2\/comments?post=23"}],"wp:featuredmedia":[{"embeddable":true,"href":"https:\/\/airbender.de\/en\/wp-json\/wp\/v2\/media\/501"}],"wp:attachment":[{"href":"https:\/\/airbender.de\/en\/wp-json\/wp\/v2\/media?parent=23"}],"wp:term":[{"taxonomy":"product_brand","embeddable":true,"href":"https:\/\/airbender.de\/en\/wp-json\/wp\/v2\/product_brand?post=23"},{"taxonomy":"product_cat","embeddable":true,"href":"https:\/\/airbender.de\/en\/wp-json\/wp\/v2\/product_cat?post=23"},{"taxonomy":"product_tag","embeddable":true,"href":"https:\/\/airbender.de\/en\/wp-json\/wp\/v2\/product_tag?post=23"}],"curies":[{"name":"wp","href":"https:\/\/api.w.org\/{rel}","templated":true}]}}