{"id":560,"date":"2020-10-13T12:59:25","date_gmt":"2020-10-13T12:59:25","guid":{"rendered":"https:\/\/airbender.de\/?post_type=product&#038;p=560"},"modified":"2023-02-02T12:25:43","modified_gmt":"2023-02-02T12:25:43","slug":"kombinierter-hepa-und-aktivkohlefilter","status":"publish","type":"product","link":"https:\/\/airbender.de\/en\/product\/kombinierter-hepa-und-aktivkohlefilter\/","title":{"rendered":"Combined HEPA H14 and activated carbon filter"},"content":{"rendered":"","protected":false},"excerpt":{"rendered":"<p>Der kombinierte HEPA und Aktivkohlefilter des AirBenders ist einzigartig. Unsere HEPA-Filter werden haupts\u00e4chlich aus Zellulose und Glasfasern gefertigt. Um eine m\u00f6glichst gro\u00dfe Filterfl\u00e4che auf einem m\u00f6glichst kleinen Raum zu bieten, werden die d\u00fcnnen Filterschichten in mehreren Lagen \u00fcbereinander in einem Filterrahmen gespannt. Um gleichzeitig Ger\u00fcche zu eliminieren und organische Verbindungen aus der Luft zu entfernen kombinierten wir den HEPA Filter mit einem Aktivkohlefilter.<\/p>","protected":false},"featured_media":562,"comment_status":"closed","ping_status":"closed","template":"","meta":{"_et_pb_use_builder":"","_et_pb_old_content":"","_et_gb_content_width":""},"product_brand":[],"product_cat":[16],"product_tag":[],"class_list":{"0":"post-560","1":"product","2":"type-product","3":"status-publish","4":"has-post-thumbnail","6":"product_cat-unkategorisiert","8":"first","9":"outofstock","10":"taxable","11":"shipping-taxable","12":"purchasable","13":"product-type-simple"},"jetpack_sharing_enabled":true,"_links":{"self":[{"href":"https:\/\/airbender.de\/en\/wp-json\/wp\/v2\/product\/560","targetHints":{"allow":["GET"]}}],"collection":[{"href":"https:\/\/airbender.de\/en\/wp-json\/wp\/v2\/product"}],"about":[{"href":"https:\/\/airbender.de\/en\/wp-json\/wp\/v2\/types\/product"}],"replies":[{"embeddable":true,"href":"https:\/\/airbender.de\/en\/wp-json\/wp\/v2\/comments?post=560"}],"wp:featuredmedia":[{"embeddable":true,"href":"https:\/\/airbender.de\/en\/wp-json\/wp\/v2\/media\/562"}],"wp:attachment":[{"href":"https:\/\/airbender.de\/en\/wp-json\/wp\/v2\/media?parent=560"}],"wp:term":[{"taxonomy":"product_brand","embeddable":true,"href":"https:\/\/airbender.de\/en\/wp-json\/wp\/v2\/product_brand?post=560"},{"taxonomy":"product_cat","embeddable":true,"href":"https:\/\/airbender.de\/en\/wp-json\/wp\/v2\/product_cat?post=560"},{"taxonomy":"product_tag","embeddable":true,"href":"https:\/\/airbender.de\/en\/wp-json\/wp\/v2\/product_tag?post=560"}],"curies":[{"name":"wp","href":"https:\/\/api.w.org\/{rel}","templated":true}]}}